{"id":1376,"date":"2022-02-07T17:45:37","date_gmt":"2022-02-07T17:45:37","guid":{"rendered":"https:\/\/bufetredon.com\/?page_id=1376"},"modified":"2023-10-17T16:52:18","modified_gmt":"2023-10-17T16:52:18","slug":"politica-de-cookies","status":"publish","type":"page","link":"https:\/\/bufetredon.com\/es\/politica-de-cookies\/","title":{"rendered":"Pol\u00edtica de cookies"},"content":{"rendered":"<p>[et_pb_section fb_built=\u00bb1&#8243; _builder_version=\u00bb4.16&#8243; _module_preset=\u00bbdefault\u00bb global_colors_info=\u00bb{}\u00bb][et_pb_row column_structure=\u00bb3_5,2_5&#8243; _builder_version=\u00bb4.16&#8243; _module_preset=\u00bbdefault\u00bb global_colors_info=\u00bb{}\u00bb][et_pb_column type=\u00bb3_5&#8243; _builder_version=\u00bb4.16&#8243; _module_preset=\u00bbdefault\u00bb global_colors_info=\u00bb{}\u00bb][et_pb_text _builder_version=\u00bb4.16&#8243; _module_preset=\u00bbdefault\u00bb global_colors_info=\u00bb{}\u00bb]<\/p>\n<h1>Pol\u00edtica de cookies<\/h1>\n<p>[\/et_pb_text][\/et_pb_column][et_pb_column type=\u00bb2_5&#8243; _builder_version=\u00bb4.16&#8243; _module_preset=\u00bbdefault\u00bb global_colors_info=\u00bb{}\u00bb][\/et_pb_column][\/et_pb_row][et_pb_row column_structure=\u00bb2_3,1_3&#8243; _builder_version=\u00bb4.22.2&#8243; _module_preset=\u00bbdefault\u00bb hover_enabled=\u00bb0&#8243; global_colors_info=\u00bb{}\u00bb sticky_enabled=\u00bb0&#8243;][et_pb_column type=\u00bb2_3&#8243; _builder_version=\u00bb4.16&#8243; _module_preset=\u00bbdefault\u00bb global_colors_info=\u00bb{}\u00bb][et_pb_text _builder_version=\u00bb4.22.2&#8243; _module_preset=\u00bbdefault\u00bb hover_enabled=\u00bb0&#8243; global_colors_info=\u00bb{}\u00bb sticky_enabled=\u00bb0&#8243;]<\/p>\n<p><strong>\u00bfPor qu\u00e9 BUFET REDON utiliza cookies?<\/strong><\/p>\n<p>En BUFET REDON utilizamos cookies para recuperar informaci\u00f3n y as\u00ed ofrecer al usuario una navegaci\u00f3n m\u00e1s \u00e1gil, evitando solicitar datos que \u00e9ste ya suministr\u00f3 anteriormente. En este sentido, utilizamos cookies para analizar el comportamiento de los usuarios al navegar por la web, resultando una herramienta muy eficaz para valorar el funcionamiento de la p\u00e1gina web e introducir mejoras.<\/p>\n<p><strong>\u00bfDe qu\u00e9 manera BUFET REDON utiliza las cookies?<\/strong><\/p>\n<p>BUFET REDON utiliza las cookies para obtener informaci\u00f3n que considera de gran utilidad. El tipo de cookies que utiliza y la informaci\u00f3n que obtiene con cada una queda detallado a continuaci\u00f3n en el siguiente cuadro:<\/p>\n<p><strong>Tipos de cookies. Finalidad de este tipo de cookies.<\/strong><\/p>\n<p><em>Cookies anal\u00edticas.<\/em><\/p>\n<p>Estas cookies se utilizan para analizar el comportamiento de los usuarios de forma agregada y an\u00f3nima, incluyendo el n\u00famero de visitantes a la web y a diferentes fichas de producto, la procedencia de la visita, d\u00eda y hora, plataforma, n\u00famero de clics en una ficha, palabras de b\u00fasqueda que utiliza un usuario para encontrar su contenido deseado. De esta manera BUFET REDON se sirve de un medio de gran utilidad para poder introducir mejoras en el sitio web y saber qu\u00e9 contenido o dise\u00f1o es m\u00e1s relevante para el usuario.<\/p>\n<p><em>Cookies necesarias<\/em><\/p>\n<p>Las cookies necesarias son absolutamente esenciales para que el sitio web funcione correctamente. Estas cookies garantizan funcionalidades b\u00e1sicas y caracter\u00edsticas de seguridad del sitio web, de manera an\u00f3nima.<\/p>\n<p><em>Cookies funcionales.<\/em><\/p>\n<p>Son cookies que ayudan al usuario a tener una mejor experiencia de la navegaci\u00f3n por el sitio. Un ejemplo de uso de este tipo de galletas son las que se utilizan para almacenar los datos de la \u00faltima b\u00fasqueda de un producto para auto llenar el buscador, el pa\u00eds, la ciudad de preferencia y los \u00faltimos productos consultados por el usuario.<\/p>\n<p><em>Cookies de publicidad.<\/em><\/p>\n<p>Utilizamos estas cookies con el fin de mostrar anuncios en otras p\u00e1ginas, para poder ofrecer anuncios m\u00e1s adecuados a los intereses de los usuarios. En este caso tenemos tanto cookies propias como cookies almacenadas por terceros.<\/p>\n<p><em>Cookies t\u00e9cnicas.<\/em><\/p>\n<p>Las cookies t\u00e9cnicas son necesarias para mostrar correctamente la p\u00e1gina web y garantizar el correcto funcionamiento del sitio. Estas cookies est\u00e1n relacionadas con la sesi\u00f3n del usuario y el login.<\/p>\n<p><strong>\u00bfC\u00f3mo puedo obtener m\u00e1s informaci\u00f3n sobre las cookies, administrarlas y\/o eliminarlas?<\/strong><\/p>\n<p>Puedes obtener m\u00e1s informaci\u00f3n sobre las cookies y consultar los pasos para deshabilitar su instalaci\u00f3n en las secciones de \u00abAyuda\u00bb de las p\u00e1ginas web cada navegador, por ejemplo Microsoft Internet Explorer, Google Chrome, Safari, Mozilla Firefox y Opera.<\/p>\n<p>Ten en cuenta que si deshabilitas las cookies es posible que tengas problemas en el acceso y la navegaci\u00f3n en la web, as\u00ed como en la contrataci\u00f3n de nuestros servicios.<\/p>\n<p>Si necesitas m\u00e1s informaci\u00f3n del funcionamiento de las cookies, as\u00ed como la manera de eliminarlas, puedes dirigirte a los siguientes enlaces: www.aboutcookies.org y www.allaboutcookies.org.<\/p>\n<p>Por otro lado, si quer\u00e9is no ser rastreado por Google Analytics a trav\u00e9s de todas las p\u00e1ginas web, vamos al siguiente link: http:\/\/tools.google.com\/dlpage\/gaoptout.<\/p>\n<p>&nbsp;<\/p>\n<p>&nbsp;<\/p>\n<p>[\/et_pb_text][\/et_pb_column][et_pb_column type=\u00bb1_3&#8243; _builder_version=\u00bb4.16&#8243; _module_preset=\u00bbdefault\u00bb global_colors_info=\u00bb{}\u00bb][\/et_pb_column][\/et_pb_row][\/et_pb_section]<\/p>\n","protected":false},"excerpt":{"rendered":"<p>Pol\u00edtica de cookies\u00bfPor qu\u00e9 BUFET REDON utiliza cookies? En BUFET REDON utilizamos cookies para recuperar informaci\u00f3n y as\u00ed ofrecer al usuario una navegaci\u00f3n m\u00e1s \u00e1gil, evitando solicitar datos que \u00e9ste ya suministr\u00f3 anteriormente. En este sentido, utilizamos cookies para analizar el comportamiento de los usuarios al navegar por la web, resultando una herramienta muy eficaz [&hellip;]<\/p>\n","protected":false},"author":11,"featured_media":0,"parent":0,"menu_order":0,"comment_status":"closed","ping_status":"closed","template":"","meta":{"_et_pb_use_builder":"on","_et_pb_old_content":"","_et_gb_content_width":"","footnotes":""},"class_list":["post-1376","page","type-page","status-publish","hentry"],"_links":{"self":[{"href":"https:\/\/bufetredon.com\/es\/wp-json\/wp\/v2\/pages\/1376","targetHints":{"allow":["GET"]}}],"collection":[{"href":"https:\/\/bufetredon.com\/es\/wp-json\/wp\/v2\/pages"}],"about":[{"href":"https:\/\/bufetredon.com\/es\/wp-json\/wp\/v2\/types\/page"}],"author":[{"embeddable":true,"href":"https:\/\/bufetredon.com\/es\/wp-json\/wp\/v2\/users\/11"}],"replies":[{"embeddable":true,"href":"https:\/\/bufetredon.com\/es\/wp-json\/wp\/v2\/comments?post=1376"}],"version-history":[{"count":5,"href":"https:\/\/bufetredon.com\/es\/wp-json\/wp\/v2\/pages\/1376\/revisions"}],"predecessor-version":[{"id":3132,"href":"https:\/\/bufetredon.com\/es\/wp-json\/wp\/v2\/pages\/1376\/revisions\/3132"}],"wp:attachment":[{"href":"https:\/\/bufetredon.com\/es\/wp-json\/wp\/v2\/media?parent=1376"}],"curies":[{"name":"wp","href":"https:\/\/api.w.org\/{rel}","templated":true}]}}