{"id":497,"date":"2021-12-28T10:51:36","date_gmt":"2021-12-28T10:51:36","guid":{"rendered":"https:\/\/bufetredon.com\/?page_id=497"},"modified":"2023-10-15T09:10:29","modified_gmt":"2023-10-15T09:10:29","slug":"nosotros","status":"publish","type":"page","link":"https:\/\/bufetredon.com\/es\/nosotros\/","title":{"rendered":"Nosotros"},"content":{"rendered":"<p>[et_pb_section fb_built=\u00bb1&#8243; custom_padding_last_edited=\u00bbon|desktop\u00bb next_background_color=\u00bb#ffffff\u00bb admin_label=\u00bbseccion1-H1&#8243; _builder_version=\u00bb4.22.1&#8243; _module_preset=\u00bbdefault\u00bb background_color=\u00bbrgba(244,244,244,0.94)\u00bb background_image=\u00bbhttps:\/\/bufetredon.com\/wp-content\/uploads\/2023\/10\/redon-header-3.png\u00bb background_size=\u00bbcontain\u00bb background_position=\u00bbcenter_right\u00bb background_blend=\u00bbluminosity\u00bb custom_padding=\u00bb195px||195px||true|\u00bb custom_padding_tablet=\u00bb31px||31px||true|false\u00bb custom_padding_phone=\u00bb0px||0px||true|false\u00bb bottom_divider_style=\u00bbramp\u00bb bottom_divider_flip=\u00bbhorizontal\u00bb background_enable_image_tablet=\u00bboff\u00bb background_enable_image_phone=\u00bboff\u00bb locked=\u00bboff\u00bb collapsed=\u00bbon\u00bb global_colors_info=\u00bb{}\u00bb][et_pb_row column_structure=\u00bb1_2,1_2&#8243; _builder_version=\u00bb4.22.1&#8243; _module_preset=\u00bbdefault\u00bb global_colors_info=\u00bb{}\u00bb][et_pb_column type=\u00bb1_2&#8243; _builder_version=\u00bb4.22.1&#8243; _module_preset=\u00bbdefault\u00bb background_color=\u00bb#b11917&#8243; custom_padding=\u00bb30px|30px|30px|30px|false|false\u00bb global_colors_info=\u00bb{}\u00bb][et_pb_text admin_label=\u00bbparrafo\u00bb _builder_version=\u00bb4.22.0&#8243; _module_preset=\u00bbdefault\u00bb custom_margin=\u00bb18px||23px|||\u00bb global_colors_info=\u00bb{}\u00bb]<\/p>\n<p style=\"text-align: left;\"><span style=\"color: #ffffff;\">Nosotros<\/span><\/p>\n<p>[\/et_pb_text][et_pb_text _builder_version=\u00bb4.22.1&#8243; _module_preset=\u00bbdefault\u00bb header_text_color=\u00bb#203a73&#8243; header_line_height=\u00bb1.1em\u00bb width=\u00bb100%\u00bb width_tablet=\u00bb100%\u00bb width_phone=\u00bb100%\u00bb width_last_edited=\u00bbon|phone\u00bb custom_margin=\u00bb12px|0px|9px|0px|false|false\u00bb custom_margin_tablet=\u00bb50px|0px|0px|0px|false|false\u00bb custom_margin_phone=\u00bb50px|0px|0px|0px|false|false\u00bb custom_margin_last_edited=\u00bbon|desktop\u00bb custom_padding=\u00bb|0px||0px|false|false\u00bb hover_enabled=\u00bb0&#8243; header_font_size_tablet=\u00bb\u00bb header_font_size_phone=\u00bb48px\u00bb header_font_size_last_edited=\u00bbon|phone\u00bb global_colors_info=\u00bb{}\u00bb sticky_enabled=\u00bb0&#8243;]<\/p>\n<h1><span style=\"color: #ffffff;\">Bufet Redon<\/span><\/h1>\n<p><span style=\"color: #ffffff;\">Derecho, experiencia y confianza<\/span>[\/et_pb_text][\/et_pb_column][et_pb_column type=\u00bb1_2&#8243; _builder_version=\u00bb4.22.0&#8243; _module_preset=\u00bbdefault\u00bb global_colors_info=\u00bb{}\u00bb][\/et_pb_column][\/et_pb_row][\/et_pb_section][et_pb_section fb_built=\u00bb1&#8243; custom_padding_last_edited=\u00bbon|phone\u00bb admin_label=\u00bbseccion2-h2-h3&#8243; _builder_version=\u00bb4.21.0&#8243; _module_preset=\u00bbdefault\u00bb custom_margin=\u00bb1px|||||\u00bb custom_padding=\u00bb49px||49px||true|\u00bb custom_padding_tablet=\u00bb20px||20px||true|false\u00bb custom_padding_phone=\u00bb20px||20px||true|false\u00bb collapsed=\u00bbon\u00bb global_colors_info=\u00bb{}\u00bb][et_pb_row column_structure=\u00bb2_5,3_5&#8243; _builder_version=\u00bb4.16&#8243; _module_preset=\u00bbdefault\u00bb custom_padding=\u00bb67px||34px|||\u00bb global_colors_info=\u00bb{}\u00bb][et_pb_column type=\u00bb2_5&#8243; _builder_version=\u00bb4.16&#8243; _module_preset=\u00bbdefault\u00bb global_colors_info=\u00bb{}\u00bb][et_pb_text _builder_version=\u00bb4.22.1&#8243; _module_preset=\u00bbdefault\u00bb custom_margin=\u00bb33px||12px|||\u00bb custom_padding=\u00bb|12px|1px|||\u00bb global_colors_info=\u00bb{}\u00bb]<\/p>\n<h3 class=\"p1\"><span class=\"s1\">\u00c1reas de pr\u00e1ctica<\/span><\/h3>\n<p>[\/et_pb_text][et_pb_text _builder_version=\u00bb4.22.1&#8243; _module_preset=\u00bbdefault\u00bb custom_margin=\u00bb18px||17px|||\u00bb custom_padding=\u00bb1px|41px|0px|||\u00bb hover_enabled=\u00bb0&#8243; global_colors_info=\u00bb{}\u00bb ul_line_height=\u00bb1.7em\u00bb sticky_enabled=\u00bb0&#8243;]<\/p>\n<p>&nbsp;<\/p>\n<ul>\n<li>\n<p style=\"font-weight: 400;\">Derecho Civil com\u00fan y derecho civil catal\u00e1n.<\/p>\n<\/li>\n<\/ul>\n<ul>\n<li>\n<p style=\"font-weight: 400;\">Derecho Mercantil y societario.<\/p>\n<\/li>\n<\/ul>\n<ul>\n<li>\n<p style=\"font-weight: 400;\">Inmobiliario y gesti\u00f3n de patrimonio.<\/p>\n<\/li>\n<\/ul>\n<ul>\n<li>\n<p style=\"font-weight: 400;\">Arrendamientos y pisos tur\u00edsticos.<\/p>\n<\/li>\n<\/ul>\n<ul>\n<li>\n<p style=\"font-weight: 400;\">Derecho de familia.<\/p>\n<\/li>\n<\/ul>\n<ul>\n<li>\n<p style=\"font-weight: 400;\">Asesoramiento empresarial integral.<\/p>\n<\/li>\n<\/ul>\n<ul>\n<li>\n<p style=\"font-weight: 400;\">Derecho fiscal.<\/p>\n<\/li>\n<\/ul>\n<ul>\n<li>\n<p style=\"font-weight: 400;\">Gesti\u00f3n tributaria, laboral y contable.<\/p>\n<\/li>\n<\/ul>\n<p>&nbsp;<\/p>\n<p>[\/et_pb_text][\/et_pb_column][et_pb_column type=\u00bb3_5&#8243; _builder_version=\u00bb4.16&#8243; _module_preset=\u00bbdefault\u00bb global_colors_info=\u00bb{}\u00bb][et_pb_text _builder_version=\u00bb4.22.1&#8243; _module_preset=\u00bbdefault\u00bb custom_margin=\u00bb18px|||||\u00bb custom_padding=\u00bb1px||0px|||\u00bb hover_enabled=\u00bb0&#8243; global_colors_info=\u00bb{}\u00bb sticky_enabled=\u00bb0&#8243;]<\/p>\n<p>BUFET REDON es un despacho independiente que nace en 1987 cuando Rub\u00e9n Redon i Carv\u00ed se incorpora como abogado ejerciente al Ilustre Colegio de Abogados de Barcelona y abre su primer despacho en la Rambla de Catalu\u00f1a de Barcelona.<\/p>\n<p>Bufet Redon ha intervenido en el asesoramiento y defensa de centenares de personas y decenas de empresas, muchas de las cuales han mantenido su vinculaci\u00f3n con el despacho a lo largo de los a\u00f1os, bajo la figura de abogado de confianza, abogado de familia, o abogado de referencia, y participando o acompa\u00f1ando \u00f3rganos de administraci\u00f3n de sociedades y entidades civiles.<\/p>\n<p>A partir del a\u00f1o 1996, potenci\u00f3 su \u00e1rea de asesoramiento y gesti\u00f3n de empresas, constituyendo Asesor\u00eda Empresarial Adviser SLP, ubicada en la Avenida Diagonal de Barcelona, que finalmente ha quedado absorbida e integrada dentro de la estructura de servicios de Bufet Redon.<\/p>\n<p>Bufet Redon ha conformado un equipo profesional y humano, muy s\u00f3lido, estable, cualificado y experimentado, que se ocupa y cuida a sus clientes, perseverando en la b\u00fasqueda de las mejores soluciones para ellos, no siempre las m\u00e1s sencillas, pero s\u00ed las m\u00e1s adecuadas a sus circunstancias y posibilidades.<\/p>\n<p>Bufet Redon disfruta tambi\u00e9n de una red de colaboradores externos, tanto en el \u00e1mbito estrictamente jur\u00eddico, como en otras disciplinas, para proporcionar recursos y soluciones a los clientes. Est\u00e1 asociado a Pau Claris Abogados como miembro fundador y mantiene estrechas relaciones con despachos de procuradores, notar\u00edas, y otros despachos profesionales de car\u00e1cter t\u00e9cnico.<\/p>\n<p>[\/et_pb_text][\/et_pb_column][\/et_pb_row][et_pb_row column_structure=\u00bb3_5,2_5&#8243; _builder_version=\u00bb4.16&#8243; _module_preset=\u00bbdefault\u00bb custom_margin=\u00bb49px|auto||auto||\u00bb custom_padding=\u00bb16px|||||\u00bb global_colors_info=\u00bb{}\u00bb][et_pb_column type=\u00bb3_5&#8243; _builder_version=\u00bb4.16&#8243; _module_preset=\u00bbdefault\u00bb global_colors_info=\u00bb{}\u00bb][et_pb_text _builder_version=\u00bb4.22.1&#8243; _module_preset=\u00bbdefault\u00bb custom_margin=\u00bb27px||12px|||\u00bb custom_padding=\u00bb|12px|1px|||\u00bb global_colors_info=\u00bb{}\u00bb]<\/p>\n<h3 class=\"p1\"><span class=\"s1\">Nuestro enfoque<\/span><\/h3>\n<p>[\/et_pb_text][et_pb_text _builder_version=\u00bb4.22.1&#8243; _module_preset=\u00bbdefault\u00bb custom_margin=\u00bb18px||17px|||\u00bb custom_padding=\u00bb1px|24px|0px|||\u00bb global_colors_info=\u00bb{}\u00bb]BUFET REDON es un despacho jur\u00eddico profesional, con 35 a\u00f1os de experiencia, especializado en la defensa legal de las personas y las empresas, tanto en la vertiente preventiva de asesoramiento y gesti\u00f3n, como en la litigiosa ante Juzgados y Tribunales.<\/p>\n<p>Acompa\u00f1amos a nuestros clientes ofreciendo una asistencia integral, que nos ha permitido ganar la confianza de un buen n\u00famero de empresarios y familias para aconsejarles en sus decisiones de mayor relevancia legal, econ\u00f3mica y patrimonial para evitar problemas futuros o asegurar el objetivo perseguido, y dirigir cuando ha sido imprescindible su defensa judicial. <\/p>\n<p>La ley es un instrumento indispensable para orientar las decisiones m\u00e1s importantes en la vida de las personas y de las empresas. Su adecuada interpretaci\u00f3n en manos del profesional adecuado, y puesta en relaci\u00f3n con las circunstancias personales del cliente y su entorno, es capital para prevenir, para acertar y para enderezar.[\/et_pb_text][\/et_pb_column][et_pb_column type=\u00bb2_5&#8243; _builder_version=\u00bb4.16&#8243; _module_preset=\u00bbdefault\u00bb global_colors_info=\u00bb{}\u00bb][et_pb_divider color=\u00bb#E02B20&#8243; divider_weight=\u00bb0px\u00bb _builder_version=\u00bb4.22.1&#8243; _module_preset=\u00bbdefault\u00bb min_height=\u00bb100px\u00bb height=\u00bb100px\u00bb max_height=\u00bb1000px\u00bb custom_margin=\u00bb95px||13px|||\u00bb custom_margin_tablet=\u00bb0px||||false|false\u00bb custom_margin_phone=\u00bb0px||||false|false\u00bb custom_margin_last_edited=\u00bbon|phone\u00bb custom_padding=\u00bb||60px|||\u00bb custom_padding_tablet=\u00bb||57px|||\u00bb custom_padding_phone=\u00bb||0px||false|false\u00bb custom_padding_last_edited=\u00bbon|phone\u00bb animation_style=\u00bbfade\u00bb scroll_vertical_motion=\u00bb30|50|50|69|1|0|-1&#8243; border_width_left=\u00bb2px\u00bb border_color_left=\u00bb#b7836f\u00bb global_colors_info=\u00bb{}\u00bb][\/et_pb_divider][et_pb_text _builder_version=\u00bb4.22.1&#8243; _module_preset=\u00bbdefault\u00bb custom_margin=\u00bb33px||12px|||\u00bb custom_padding=\u00bb|12px|1px|||\u00bb global_colors_info=\u00bb{}\u00bb]<\/p>\n<h3 class=\"p1\"><span class=\"s1\">Clientes<\/span><\/h3>\n<p>[\/et_pb_text][dica_divi_carousel show_items_desktop=\u00bb1&#8243; show_items_tablet=\u00bb1&#8243; centermode=\u00bbon\u00bb loop=\u00bbon\u00bb autoplay=\u00bbon\u00bb dot_nav=\u00bbon\u00bb equal_height=\u00bbon\u00bb advanced_effect=\u00bb1&#8243; _builder_version=\u00bb4.22.1&#8243; _module_preset=\u00bbdefault\u00bb global_colors_info=\u00bb{}\u00bb][dica_divi_carouselitem button_url_new_window=\u00bb1&#8243; image=\u00bbhttps:\/\/bufetredon.com\/wp-content\/uploads\/2023\/10\/alcam-aprt.jpg\u00bb _builder_version=\u00bb4.22.1&#8243; _module_preset=\u00bbdefault\u00bb global_colors_info=\u00bb{}\u00bb][\/dica_divi_carouselitem][dica_divi_carouselitem button_url_new_window=\u00bb1&#8243; image=\u00bbhttps:\/\/bufetredon.com\/wp-content\/uploads\/2023\/10\/logo-alcamtrtavels_color.jpg\u00bb _builder_version=\u00bb4.22.1&#8243; _module_preset=\u00bbdefault\u00bb global_colors_info=\u00bb{}\u00bb][\/dica_divi_carouselitem][dica_divi_carouselitem button_url_new_window=\u00bb1&#8243; image=\u00bbhttps:\/\/bufetredon.com\/wp-content\/uploads\/2023\/10\/alpha.jpg\u00bb _builder_version=\u00bb4.22.1&#8243; _module_preset=\u00bbdefault\u00bb global_colors_info=\u00bb{}\u00bb][\/dica_divi_carouselitem][dica_divi_carouselitem button_url_new_window=\u00bb1&#8243; image=\u00bbhttps:\/\/bufetredon.com\/wp-content\/uploads\/2023\/10\/amvara.jpg\u00bb _builder_version=\u00bb4.22.1&#8243; _module_preset=\u00bbdefault\u00bb global_colors_info=\u00bb{}\u00bb][\/dica_divi_carouselitem][dica_divi_carouselitem button_url_new_window=\u00bb1&#8243; image=\u00bbhttps:\/\/bufetredon.com\/wp-content\/uploads\/2023\/10\/antiquaris.jpg\u00bb _builder_version=\u00bb4.22.1&#8243; _module_preset=\u00bbdefault\u00bb global_colors_info=\u00bb{}\u00bb][\/dica_divi_carouselitem][dica_divi_carouselitem button_url_new_window=\u00bb1&#8243; image=\u00bbhttps:\/\/bufetredon.com\/wp-content\/uploads\/2023\/10\/aris.jpg\u00bb _builder_version=\u00bb4.22.1&#8243; _module_preset=\u00bbdefault\u00bb global_colors_info=\u00bb{}\u00bb][\/dica_divi_carouselitem][dica_divi_carouselitem button_url_new_window=\u00bb1&#8243; image=\u00bbhttps:\/\/bufetredon.com\/wp-content\/uploads\/2023\/10\/clarinet.jpg\u00bb _builder_version=\u00bb4.22.1&#8243; _module_preset=\u00bbdefault\u00bb global_colors_info=\u00bb{}\u00bb][\/dica_divi_carouselitem][dica_divi_carouselitem button_url_new_window=\u00bb1&#8243; image=\u00bbhttps:\/\/bufetredon.com\/wp-content\/uploads\/2023\/10\/jugsa.jpg\u00bb _builder_version=\u00bb4.22.1&#8243; _module_preset=\u00bbdefault\u00bb global_colors_info=\u00bb{}\u00bb][\/dica_divi_carouselitem][dica_divi_carouselitem button_url_new_window=\u00bb1&#8243; image=\u00bbhttps:\/\/bufetredon.com\/wp-content\/uploads\/2023\/10\/kitdent.jpg\u00bb _builder_version=\u00bb4.22.1&#8243; _module_preset=\u00bbdefault\u00bb global_colors_info=\u00bb{}\u00bb][\/dica_divi_carouselitem][dica_divi_carouselitem button_url_new_window=\u00bb1&#8243; image=\u00bbhttps:\/\/bufetredon.com\/wp-content\/uploads\/2023\/10\/lv3.jpg\u00bb _builder_version=\u00bb4.22.1&#8243; _module_preset=\u00bbdefault\u00bb global_colors_info=\u00bb{}\u00bb][\/dica_divi_carouselitem][dica_divi_carouselitem button_url_new_window=\u00bb1&#8243; image=\u00bbhttps:\/\/bufetredon.com\/wp-content\/uploads\/2023\/10\/macspeed.jpg\u00bb _builder_version=\u00bb4.22.1&#8243; _module_preset=\u00bbdefault\u00bb global_colors_info=\u00bb{}\u00bb][\/dica_divi_carouselitem][dica_divi_carouselitem button_url_new_window=\u00bb1&#8243; image=\u00bbhttps:\/\/bufetredon.com\/wp-content\/uploads\/2023\/10\/metalmed.jpg\u00bb _builder_version=\u00bb4.22.1&#8243; _module_preset=\u00bbdefault\u00bb global_colors_info=\u00bb{}\u00bb][\/dica_divi_carouselitem][dica_divi_carouselitem button_url_new_window=\u00bb1&#8243; image=\u00bbhttps:\/\/bufetredon.com\/wp-content\/uploads\/2023\/10\/optimus.jpg\u00bb _builder_version=\u00bb4.22.1&#8243; _module_preset=\u00bbdefault\u00bb global_colors_info=\u00bb{}\u00bb][\/dica_divi_carouselitem][dica_divi_carouselitem button_url_new_window=\u00bb1&#8243; image=\u00bbhttps:\/\/bufetredon.com\/wp-content\/uploads\/2023\/10\/policlin.jpg\u00bb _builder_version=\u00bb4.22.1&#8243; _module_preset=\u00bbdefault\u00bb global_colors_info=\u00bb{}\u00bb][\/dica_divi_carouselitem][dica_divi_carouselitem button_url_new_window=\u00bb1&#8243; image=\u00bbhttps:\/\/bufetredon.com\/wp-content\/uploads\/2023\/10\/myflow.jpg\u00bb _builder_version=\u00bb4.22.1&#8243; _module_preset=\u00bbdefault\u00bb global_colors_info=\u00bb{}\u00bb][\/dica_divi_carouselitem][dica_divi_carouselitem button_url_new_window=\u00bb1&#8243; image=\u00bbhttps:\/\/bufetredon.com\/wp-content\/uploads\/2023\/10\/rolutex.jpg\u00bb _builder_version=\u00bb4.22.1&#8243; _module_preset=\u00bbdefault\u00bb global_colors_info=\u00bb{}\u00bb][\/dica_divi_carouselitem][dica_divi_carouselitem button_url_new_window=\u00bb1&#8243; image=\u00bbhttps:\/\/bufetredon.com\/wp-content\/uploads\/2023\/10\/servmedic.jpg\u00bb _builder_version=\u00bb4.22.1&#8243; _module_preset=\u00bbdefault\u00bb global_colors_info=\u00bb{}\u00bb][\/dica_divi_carouselitem][dica_divi_carouselitem button_url_new_window=\u00bb1&#8243; image=\u00bbhttps:\/\/bufetredon.com\/wp-content\/uploads\/2023\/10\/sistrest-cat.jpg\u00bb _builder_version=\u00bb4.22.1&#8243; _module_preset=\u00bbdefault\u00bb global_colors_info=\u00bb{}\u00bb][\/dica_divi_carouselitem][dica_divi_carouselitem button_url_new_window=\u00bb1&#8243; image=\u00bbhttps:\/\/bufetredon.com\/wp-content\/uploads\/2023\/10\/sitee.jpg\u00bb _builder_version=\u00bb4.22.1&#8243; _module_preset=\u00bbdefault\u00bb global_colors_info=\u00bb{}\u00bb][\/dica_divi_carouselitem][dica_divi_carouselitem button_url_new_window=\u00bb1&#8243; image=\u00bbhttps:\/\/bufetredon.com\/wp-content\/uploads\/2023\/10\/sum-santcugat.jpg\u00bb _builder_version=\u00bb4.22.1&#8243; _module_preset=\u00bbdefault\u00bb global_colors_info=\u00bb{}\u00bb][\/dica_divi_carouselitem][dica_divi_carouselitem button_url_new_window=\u00bb1&#8243; image=\u00bbhttps:\/\/bufetredon.com\/wp-content\/uploads\/2023\/10\/targsecoe.jpg\u00bb _builder_version=\u00bb4.22.1&#8243; _module_preset=\u00bbdefault\u00bb global_colors_info=\u00bb{}\u00bb][\/dica_divi_carouselitem][dica_divi_carouselitem button_url_new_window=\u00bb1&#8243; image=\u00bbhttps:\/\/bufetredon.com\/wp-content\/uploads\/2023\/10\/tecnibike.jpg\u00bb _builder_version=\u00bb4.22.1&#8243; _module_preset=\u00bbdefault\u00bb global_colors_info=\u00bb{}\u00bb][\/dica_divi_carouselitem][dica_divi_carouselitem button_url_new_window=\u00bb1&#8243; image=\u00bbhttps:\/\/bufetredon.com\/wp-content\/uploads\/2023\/10\/tyrmetal.jpg\u00bb _builder_version=\u00bb4.22.1&#8243; _module_preset=\u00bbdefault\u00bb global_colors_info=\u00bb{}\u00bb][\/dica_divi_carouselitem][dica_divi_carouselitem button_url_new_window=\u00bb1&#8243; image=\u00bbhttps:\/\/bufetredon.com\/wp-content\/uploads\/2023\/10\/victorifills.jpg\u00bb _builder_version=\u00bb4.22.1&#8243; _module_preset=\u00bbdefault\u00bb global_colors_info=\u00bb{}\u00bb][\/dica_divi_carouselitem][\/dica_divi_carousel][\/et_pb_column][\/et_pb_row][\/et_pb_section]<\/p>\n","protected":false},"excerpt":{"rendered":"<p>NosotrosBufet Redon Derecho, experiencia y confianza\u00c1reas de pr\u00e1ctica&nbsp; Derecho Civil com\u00fan y derecho civil catal\u00e1n. Derecho Mercantil y societario. Inmobiliario y gesti\u00f3n de patrimonio. Arrendamientos y pisos tur\u00edsticos. Derecho de familia. Asesoramiento empresarial integral. Derecho fiscal. Gesti\u00f3n tributaria, laboral y contable. &nbsp;BUFET REDON es un despacho independiente que nace en 1987 cuando Rub\u00e9n Redon i [&hellip;]<\/p>\n","protected":false},"author":11,"featured_media":0,"parent":0,"menu_order":0,"comment_status":"closed","ping_status":"closed","template":"","meta":{"_et_pb_use_builder":"on","_et_pb_old_content":"","_et_gb_content_width":"","footnotes":""},"class_list":["post-497","page","type-page","status-publish","hentry"],"_links":{"self":[{"href":"https:\/\/bufetredon.com\/es\/wp-json\/wp\/v2\/pages\/497","targetHints":{"allow":["GET"]}}],"collection":[{"href":"https:\/\/bufetredon.com\/es\/wp-json\/wp\/v2\/pages"}],"about":[{"href":"https:\/\/bufetredon.com\/es\/wp-json\/wp\/v2\/types\/page"}],"author":[{"embeddable":true,"href":"https:\/\/bufetredon.com\/es\/wp-json\/wp\/v2\/users\/11"}],"replies":[{"embeddable":true,"href":"https:\/\/bufetredon.com\/es\/wp-json\/wp\/v2\/comments?post=497"}],"version-history":[{"count":105,"href":"https:\/\/bufetredon.com\/es\/wp-json\/wp\/v2\/pages\/497\/revisions"}],"predecessor-version":[{"id":2764,"href":"https:\/\/bufetredon.com\/es\/wp-json\/wp\/v2\/pages\/497\/revisions\/2764"}],"wp:attachment":[{"href":"https:\/\/bufetredon.com\/es\/wp-json\/wp\/v2\/media?parent=497"}],"curies":[{"name":"wp","href":"https:\/\/api.w.org\/{rel}","templated":true}]}}